{"id":1962,"date":"2021-11-17T04:30:17","date_gmt":"2021-11-17T04:30:17","guid":{"rendered":"https:\/\/eesppjuliaca.edu.pe\/web\/?page_id=1962"},"modified":"2021-11-17T07:23:18","modified_gmt":"2021-11-17T07:23:18","slug":"practicas-pre-profesionales","status":"publish","type":"page","link":"https:\/\/eesppjuliaca.edu.pe\/web\/practicas-pre-profesionales\/","title":{"rendered":"PR\u00c1CTICAS PRE-PROFESIONALES"},"content":{"rendered":"\t\t<div data-elementor-type=\"wp-page\" data-elementor-id=\"1962\" class=\"elementor elementor-1962\">\n\t\t\t\t\t\t<section class=\"elementor-section elementor-top-section elementor-element elementor-element-7334941 elementor-section-boxed elementor-section-height-default elementor-section-height-default\" data-id=\"7334941\" data-element_type=\"section\" data-e-type=\"section\">\n\t\t\t\t\t\t<div class=\"elementor-container elementor-column-gap-default\">\n\t\t\t\t\t<div class=\"elementor-column elementor-col-100 elementor-top-column elementor-element elementor-element-fce9278\" data-id=\"fce9278\" data-element_type=\"column\" data-e-type=\"column\">\n\t\t\t<div class=\"elementor-widget-wrap elementor-element-populated\">\n\t\t\t\t\t\t<div class=\"elementor-element elementor-element-4bf6ef8 elementor-widget elementor-widget-heading\" data-id=\"4bf6ef8\" data-element_type=\"widget\" data-e-type=\"widget\" data-widget_type=\"heading.default\">\n\t\t\t\t<div class=\"elementor-widget-container\">\n\t\t\t\t\t<h2 class=\"elementor-heading-title elementor-size-xl\">PR\u00c1CTICAS PRE-PROFESIONALES<\/h2>\t\t\t\t<\/div>\n\t\t\t\t<\/div>\n\t\t\t\t\t<\/div>\n\t\t<\/div>\n\t\t\t\t\t<\/div>\n\t\t<\/section>\n\t\t\t\t<section class=\"elementor-section elementor-top-section elementor-element elementor-element-2100bfa elementor-section-boxed elementor-section-height-default elementor-section-height-default\" data-id=\"2100bfa\" data-element_type=\"section\" data-e-type=\"section\">\n\t\t\t\t\t\t<div class=\"elementor-container elementor-column-gap-default\">\n\t\t\t\t\t<div class=\"elementor-column elementor-col-100 elementor-top-column elementor-element elementor-element-bb53c93\" data-id=\"bb53c93\" data-element_type=\"column\" data-e-type=\"column\">\n\t\t\t<div class=\"elementor-widget-wrap elementor-element-populated\">\n\t\t\t\t\t\t<div class=\"elementor-element elementor-element-6048fff elementor-widget-divider--view-line elementor-widget elementor-widget-divider\" data-id=\"6048fff\" data-element_type=\"widget\" data-e-type=\"widget\" data-widget_type=\"divider.default\">\n\t\t\t\t<div class=\"elementor-widget-container\">\n\t\t\t\t\t\t\t<div class=\"elementor-divider\">\n\t\t\t<span class=\"elementor-divider-separator\">\n\t\t\t\t\t\t<\/span>\n\t\t<\/div>\n\t\t\t\t\t\t<\/div>\n\t\t\t\t<\/div>\n\t\t\t\t\t<\/div>\n\t\t<\/div>\n\t\t\t\t\t<\/div>\n\t\t<\/section>\n\t\t\t\t<section class=\"elementor-section elementor-top-section elementor-element elementor-element-a15117d elementor-section-boxed elementor-section-height-default elementor-section-height-default\" data-id=\"a15117d\" data-element_type=\"section\" data-e-type=\"section\">\n\t\t\t\t\t\t<div class=\"elementor-container elementor-column-gap-default\">\n\t\t\t\t\t<div class=\"elementor-column elementor-col-100 elementor-top-column elementor-element elementor-element-1a41ded\" data-id=\"1a41ded\" data-element_type=\"column\" data-e-type=\"column\">\n\t\t\t<div class=\"elementor-widget-wrap elementor-element-populated\">\n\t\t\t\t\t\t<div class=\"elementor-element elementor-element-65f845b elementor-widget elementor-widget-text-editor\" data-id=\"65f845b\" data-element_type=\"widget\" data-e-type=\"widget\" data-widget_type=\"text-editor.default\">\n\t\t\t\t<div class=\"elementor-widget-container\">\n\t\t\t\t\t\t\t\t\t<p><strong>PROGRAMA Y REGLAMENTO DEL \u00c1REA DE PR\u00c1C<a href=\"https:\/\/eesppjuliacapuno-my.sharepoint.com\/:b:\/g\/personal\/dinamizadoreva_eesppjuliaca_edu_pe\/ESabMyGnjzVHuf4OXoAYxAkBW20BARX02I6BweS3Ix0-iw?e=bD6x3Z\" target=\"_blank\" rel=\"noopener\"><img decoding=\"async\" class=\"alignleft wp-image-1609\" src=\"https:\/\/eesppjuliaca.edu.pe\/web\/wp-content\/uploads\/2021\/11\/download-pdf-3660827_960_720-150x150.png\" alt=\"\" width=\"70\" height=\"50\" srcset=\"https:\/\/eesppjuliaca.edu.pe\/web\/wp-content\/uploads\/2021\/11\/download-pdf-3660827_960_720-300x213.png 300w, https:\/\/eesppjuliaca.edu.pe\/web\/wp-content\/uploads\/2021\/11\/download-pdf-3660827_960_720-768x546.png 768w, https:\/\/eesppjuliaca.edu.pe\/web\/wp-content\/uploads\/2021\/11\/download-pdf-3660827_960_720-400x280.png 400w, https:\/\/eesppjuliaca.edu.pe\/web\/wp-content\/uploads\/2021\/11\/download-pdf-3660827_960_720.png 960w\" sizes=\"(max-width: 70px) 100vw, 70px\" \/><\/a>TICAS PRE-PROFESIONALES E INVESTIGACI\u00d3N<\/strong><\/p>\t\t\t\t\t\t\t\t<\/div>\n\t\t\t\t<\/div>\n\t\t\t\t\t<\/div>\n\t\t<\/div>\n\t\t\t\t\t<\/div>\n\t\t<\/section>\n\t\t\t\t<section class=\"elementor-section elementor-top-section elementor-element elementor-element-c1cf312 elementor-section-boxed elementor-section-height-default elementor-section-height-default\" data-id=\"c1cf312\" data-element_type=\"section\" data-e-type=\"section\">\n\t\t\t\t\t\t<div class=\"elementor-container elementor-column-gap-default\">\n\t\t\t\t\t<div class=\"elementor-column elementor-col-100 elementor-top-column elementor-element elementor-element-4f93d70\" data-id=\"4f93d70\" data-element_type=\"column\" data-e-type=\"column\">\n\t\t\t<div class=\"elementor-widget-wrap elementor-element-populated\">\n\t\t\t\t\t\t<div class=\"elementor-element elementor-element-9135383 elementor-widget elementor-widget-text-editor\" data-id=\"9135383\" data-element_type=\"widget\" data-e-type=\"widget\" data-widget_type=\"text-editor.default\">\n\t\t\t\t<div class=\"elementor-widget-container\">\n\t\t\t\t\t\t\t\t\t<p><strong><a href=\"https:\/\/eesppjuliacapuno-my.sharepoint.com\/:b:\/g\/personal\/dinamizadoreva_eesppjuliaca_edu_pe\/EalYxApcBadNmkO3GCA3hMwBdFu7PXYZRX6ox9z4cf4l7A?e=lhgsfU\" target=\"_blank\" rel=\"noopener\"><img decoding=\"async\" class=\"alignleft wp-image-1609\" src=\"https:\/\/eesppjuliaca.edu.pe\/web\/wp-content\/uploads\/2021\/11\/download-pdf-3660827_960_720-300x213.png\" alt=\"\" width=\"70\" height=\"50\" srcset=\"https:\/\/eesppjuliaca.edu.pe\/web\/wp-content\/uploads\/2021\/11\/download-pdf-3660827_960_720-300x213.png 300w, https:\/\/eesppjuliaca.edu.pe\/web\/wp-content\/uploads\/2021\/11\/download-pdf-3660827_960_720-768x546.png 768w, https:\/\/eesppjuliaca.edu.pe\/web\/wp-content\/uploads\/2021\/11\/download-pdf-3660827_960_720-400x280.png 400w, https:\/\/eesppjuliaca.edu.pe\/web\/wp-content\/uploads\/2021\/11\/download-pdf-3660827_960_720.png 960w\" sizes=\"(max-width: 70px) 100vw, 70px\" \/><\/a>DIRECTORIO Y CONVENIOS CON INSTITUCIONES EDUCATIVAS<\/strong><\/p>\t\t\t\t\t\t\t\t<\/div>\n\t\t\t\t<\/div>\n\t\t\t\t\t<\/div>\n\t\t<\/div>\n\t\t\t\t\t<\/div>\n\t\t<\/section>\n\t\t\t\t<\/div>\n\t\t","protected":false},"excerpt":{"rendered":"<p>PR\u00c1CTICAS PRE-PROFESIONALES PROGRAMA Y REGLAMENTO DEL \u00c1REA DE PR\u00c1CTICAS PRE-PROFESIONALES E INVESTIGACI\u00d3N DIRECTORIO Y CONVENIOS CON INSTITUCIONES EDUCATIVAS<\/p>\n","protected":false},"author":1,"featured_media":0,"parent":0,"menu_order":0,"comment_status":"closed","ping_status":"closed","template":"elementor_header_footer","meta":{"footnotes":""},"class_list":["post-1962","page","type-page","status-publish","hentry"],"_links":{"self":[{"href":"https:\/\/eesppjuliaca.edu.pe\/web\/wp-json\/wp\/v2\/pages\/1962","targetHints":{"allow":["GET"]}}],"collection":[{"href":"https:\/\/eesppjuliaca.edu.pe\/web\/wp-json\/wp\/v2\/pages"}],"about":[{"href":"https:\/\/eesppjuliaca.edu.pe\/web\/wp-json\/wp\/v2\/types\/page"}],"author":[{"embeddable":true,"href":"https:\/\/eesppjuliaca.edu.pe\/web\/wp-json\/wp\/v2\/users\/1"}],"replies":[{"embeddable":true,"href":"https:\/\/eesppjuliaca.edu.pe\/web\/wp-json\/wp\/v2\/comments?post=1962"}],"version-history":[{"count":40,"href":"https:\/\/eesppjuliaca.edu.pe\/web\/wp-json\/wp\/v2\/pages\/1962\/revisions"}],"predecessor-version":[{"id":2089,"href":"https:\/\/eesppjuliaca.edu.pe\/web\/wp-json\/wp\/v2\/pages\/1962\/revisions\/2089"}],"wp:attachment":[{"href":"https:\/\/eesppjuliaca.edu.pe\/web\/wp-json\/wp\/v2\/media?parent=1962"}],"curies":[{"name":"wp","href":"https:\/\/api.w.org\/{rel}","templated":true}]}}