{"id":5516,"date":"2024-04-28T10:23:45","date_gmt":"2024-04-28T15:23:45","guid":{"rendered":"https:\/\/eesppjuliaca.edu.pe\/web\/?page_id=5516"},"modified":"2024-04-28T10:37:15","modified_gmt":"2024-04-28T15:37:15","slug":"anoacad2024","status":"publish","type":"page","link":"https:\/\/eesppjuliaca.edu.pe\/web\/anoacad2024\/","title":{"rendered":"A\u00d1O ACAD\u00c9MICO 2024"},"content":{"rendered":"\t\t<div data-elementor-type=\"wp-page\" data-elementor-id=\"5516\" class=\"elementor elementor-5516\">\n\t\t\t\t\t\t<section class=\"elementor-section elementor-top-section elementor-element elementor-element-cf9c7e9 elementor-section-boxed elementor-section-height-default elementor-section-height-default\" data-id=\"cf9c7e9\" data-element_type=\"section\" data-e-type=\"section\">\n\t\t\t\t\t\t<div class=\"elementor-container elementor-column-gap-default\">\n\t\t\t\t\t<div class=\"elementor-column elementor-col-100 elementor-top-column elementor-element elementor-element-cc3e57f\" data-id=\"cc3e57f\" data-element_type=\"column\" data-e-type=\"column\">\n\t\t\t<div class=\"elementor-widget-wrap elementor-element-populated\">\n\t\t\t\t\t\t<div class=\"elementor-element elementor-element-a31c389 elementor-widget elementor-widget-text-editor\" data-id=\"a31c389\" data-element_type=\"widget\" data-e-type=\"widget\" data-widget_type=\"text-editor.default\">\n\t\t\t\t<div class=\"elementor-widget-container\">\n\t\t\t\t\t\t\t\t\t<p style=\"text-align: left;\">La ESCUELA DE EDUCACI\u00d3N SUPERIOR PEDAG\u00d3GICA P\u00daBLICA \u00abJULIACA\u00bb, invita a los se\u00f1ores estudiantes y p\u00fablico en general\u00a0 a la <strong>APERTURA DEL A\u00d1O ACAD\u00c9MICO 2024<\/strong>, para el d\u00eda <span style=\"text-decoration: underline;\">lunes 29<\/span> de abril del presente, desde las <span style=\"text-decoration: underline;\">08:00 a.m.<\/span><\/p>\t\t\t\t\t\t\t\t<\/div>\n\t\t\t\t<\/div>\n\t\t\t\t<div class=\"elementor-element elementor-element-45129cd elementor-widget elementor-widget-image\" data-id=\"45129cd\" data-element_type=\"widget\" data-e-type=\"widget\" data-widget_type=\"image.default\">\n\t\t\t\t<div class=\"elementor-widget-container\">\n\t\t\t\t\t\t\t\t\t\t\t\t\t\t\t<img fetchpriority=\"high\" decoding=\"async\" width=\"640\" height=\"494\" src=\"https:\/\/eesppjuliaca.edu.pe\/web\/wp-content\/uploads\/2024\/04\/EESPPJ-Triptico_01-1024x791.jpg\" class=\"attachment-large size-large wp-image-5519\" alt=\"\" srcset=\"https:\/\/eesppjuliaca.edu.pe\/web\/wp-content\/uploads\/2024\/04\/EESPPJ-Triptico_01-1024x791.jpg 1024w, https:\/\/eesppjuliaca.edu.pe\/web\/wp-content\/uploads\/2024\/04\/EESPPJ-Triptico_01-300x232.jpg 300w, https:\/\/eesppjuliaca.edu.pe\/web\/wp-content\/uploads\/2024\/04\/EESPPJ-Triptico_01-768x593.jpg 768w, https:\/\/eesppjuliaca.edu.pe\/web\/wp-content\/uploads\/2024\/04\/EESPPJ-Triptico_01.jpg 1500w\" sizes=\"(max-width: 640px) 100vw, 640px\" \/>\t\t\t\t\t\t\t\t\t\t\t\t\t\t\t<\/div>\n\t\t\t\t<\/div>\n\t\t\t\t<div class=\"elementor-element elementor-element-0ca4c02 elementor-widget elementor-widget-image\" data-id=\"0ca4c02\" data-element_type=\"widget\" data-e-type=\"widget\" data-widget_type=\"image.default\">\n\t\t\t\t<div class=\"elementor-widget-container\">\n\t\t\t\t\t\t\t\t\t\t\t\t\t\t\t<img decoding=\"async\" width=\"640\" height=\"494\" src=\"https:\/\/eesppjuliaca.edu.pe\/web\/wp-content\/uploads\/2024\/04\/EESPPJ-Triptico_02-1024x791.jpg\" class=\"attachment-large size-large wp-image-5520\" alt=\"\" srcset=\"https:\/\/eesppjuliaca.edu.pe\/web\/wp-content\/uploads\/2024\/04\/EESPPJ-Triptico_02-1024x791.jpg 1024w, https:\/\/eesppjuliaca.edu.pe\/web\/wp-content\/uploads\/2024\/04\/EESPPJ-Triptico_02-300x232.jpg 300w, https:\/\/eesppjuliaca.edu.pe\/web\/wp-content\/uploads\/2024\/04\/EESPPJ-Triptico_02-768x593.jpg 768w, https:\/\/eesppjuliaca.edu.pe\/web\/wp-content\/uploads\/2024\/04\/EESPPJ-Triptico_02.jpg 1500w\" sizes=\"(max-width: 640px) 100vw, 640px\" \/>\t\t\t\t\t\t\t\t\t\t\t\t\t\t\t<\/div>\n\t\t\t\t<\/div>\n\t\t\t\t\t<\/div>\n\t\t<\/div>\n\t\t\t\t\t<\/div>\n\t\t<\/section>\n\t\t\t\t<\/div>\n\t\t","protected":false},"excerpt":{"rendered":"<p>La ESCUELA DE EDUCACI\u00d3N SUPERIOR PEDAG\u00d3GICA P\u00daBLICA \u00abJULIACA\u00bb, invita a los se\u00f1ores estudiantes y p\u00fablico en general\u00a0 a la APERTURA DEL A\u00d1O ACAD\u00c9MICO 2024, para el d\u00eda lunes 29 de abril del presente, desde las 08:00 a.m.<\/p>\n","protected":false},"author":1,"featured_media":5509,"parent":0,"menu_order":0,"comment_status":"closed","ping_status":"closed","template":"","meta":{"footnotes":""},"class_list":["post-5516","page","type-page","status-publish","has-post-thumbnail","hentry"],"_links":{"self":[{"href":"https:\/\/eesppjuliaca.edu.pe\/web\/wp-json\/wp\/v2\/pages\/5516","targetHints":{"allow":["GET"]}}],"collection":[{"href":"https:\/\/eesppjuliaca.edu.pe\/web\/wp-json\/wp\/v2\/pages"}],"about":[{"href":"https:\/\/eesppjuliaca.edu.pe\/web\/wp-json\/wp\/v2\/types\/page"}],"author":[{"embeddable":true,"href":"https:\/\/eesppjuliaca.edu.pe\/web\/wp-json\/wp\/v2\/users\/1"}],"replies":[{"embeddable":true,"href":"https:\/\/eesppjuliaca.edu.pe\/web\/wp-json\/wp\/v2\/comments?post=5516"}],"version-history":[{"count":4,"href":"https:\/\/eesppjuliaca.edu.pe\/web\/wp-json\/wp\/v2\/pages\/5516\/revisions"}],"predecessor-version":[{"id":5523,"href":"https:\/\/eesppjuliaca.edu.pe\/web\/wp-json\/wp\/v2\/pages\/5516\/revisions\/5523"}],"wp:featuredmedia":[{"embeddable":true,"href":"https:\/\/eesppjuliaca.edu.pe\/web\/wp-json\/wp\/v2\/media\/5509"}],"wp:attachment":[{"href":"https:\/\/eesppjuliaca.edu.pe\/web\/wp-json\/wp\/v2\/media?parent=5516"}],"curies":[{"name":"wp","href":"https:\/\/api.w.org\/{rel}","templated":true}]}}